{"id":9,"date":"2013-05-31T11:56:39","date_gmt":"2013-05-31T11:56:39","guid":{"rendered":"http:\/\/impreza.us-themes.net\/pages\/contact\/"},"modified":"2026-04-13T08:32:11","modified_gmt":"2026-04-13T08:32:11","slug":"kontakt","status":"publish","type":"page","link":"https:\/\/medicoos.de\/start\/service\/kontakt\/","title":{"rendered":"Kontakt"},"content":{"rendered":"<section class=\"l-section wpb_row height_auto width_full\"><div class=\"l-section-h i-cf\"><div class=\"g-cols vc_row via_flex valign_top type_default stacking_default\"><div class=\"vc_col-sm-12 wpb_column vc_column_container\"><div class=\"vc_column-inner\"><div class=\"wpb_wrapper\"><div class=\"w-map provider_google\" id=\"us_map_1\"><div class=\"w-map-inner\"><div class=\"w-map-json\" onclick='return {&quot;address&quot;:&quot;Naher Weg 14, 48612 Horstmar, Germany&quot;,&quot;disableDragging&quot;:0,&quot;disableZoom&quot;:0,&quot;hideControls&quot;:0,&quot;zoom&quot;:15,&quot;markers&quot;:[{&quot;address&quot;:&quot;Naher Weg 14, 48612 Horstmar, Germany&quot;,&quot;html&quot;:&quot;Our Main Office&quot;,&quot;infowindow&quot;:0},{&quot;address&quot;:&quot;2091 Stierlin Ct, Mountain View, CA 94043&quot;,&quot;html&quot;:&quot;Our Second Office&quot;,&quot;marker_img&quot;:null,&quot;marker_size&quot;:null},{&quot;address&quot;:&quot;1055 Joaquin Rd #200, Mountain View, CA 94043&quot;,&quot;html&quot;:&quot;Our Third Office&quot;,&quot;marker_img&quot;:null,&quot;marker_size&quot;:null},{&quot;address&quot;:&quot;918 Industrial Ave, Palo Alto, CA 94303&quot;,&quot;html&quot;:&quot;Some Store&quot;,&quot;marker_img&quot;:null,&quot;marker_size&quot;:null}],&quot;maptype&quot;:&quot;ROADMAP&quot;}'><\/div><\/div><\/div><\/div><\/div><\/div><\/div><\/div><\/section><section class=\"l-section wpb_row height_medium\"><div class=\"l-section-h i-cf\"><div class=\"g-cols vc_row via_flex valign_top type_default stacking_default\"><div class=\"vc_col-sm-4 wpb_column vc_column_container\"><div class=\"vc_column-inner\"><div class=\"wpb_wrapper\"><div class=\"wpb_text_column\"><div class=\"wpb_wrapper\"><h4><span style=\"color: #1b98e0;\">Kontaktdaten Gesch\u00e4ftsstelle<\/span><\/h4>\n<\/div><\/div><div class=\"w-contacts\"><div class=\"w-contacts-list\"><div class=\"w-contacts-item for_address\"><span class=\"w-contacts-item-value\">Naher Weg 14, 48612 Horstmar, DE<\/span><\/div><div class=\"w-contacts-item for_phone\"><span class=\"w-contacts-item-value\">+49 (0)2551 18 59 857<\/span><\/div><div class=\"w-contacts-item for_mobile\"><span class=\"w-contacts-item-value\">+49 (0)2551-18 59 857-7<\/span><\/div><\/div><\/div><div class=\"w-separator size_small\"><\/div><div class=\"wpb_text_column\"><div class=\"wpb_wrapper\"><p>Britta R\u00fc\u00dfe-Gasch<br \/>\nMo \u2013 Fr von 08:00 \u2013 12:00 Uhr<\/p>\n<\/div><\/div><div class=\"w-separator size_small\"><\/div><div class=\"wpb_text_column\"><div class=\"wpb_wrapper\"><h3>Social Media<\/h3>\n<\/div><\/div><div class=\"w-socials us_custom_a6ceb248 color_text shape_rounded style_outlined hover_fade\" style=\"--gap:0.1em;\"><div class=\"w-socials-list\"><div class=\"w-socials-item facebook\"><a target=\"_blank\" rel=\"nofollow\" href=\"#\" class=\"w-socials-item-link\" aria-label=\"Facebook\"><span class=\"w-socials-item-link-hover\"><\/span><i class=\"fab fa-facebook\"><\/i><\/a><div class=\"w-socials-item-popup\"><span>Facebook<\/span><\/div><\/div><div class=\"w-socials-item google\"><a target=\"_blank\" rel=\"nofollow\" href=\"#\" class=\"w-socials-item-link\" aria-label=\"Google\"><span class=\"w-socials-item-link-hover\"><\/span><i class=\"fab fa-google\"><\/i><\/a><div class=\"w-socials-item-popup\"><span>Google<\/span><\/div><\/div><div class=\"w-socials-item linkedin\"><a target=\"_blank\" rel=\"nofollow\" href=\"#\" class=\"w-socials-item-link\" aria-label=\"LinkedIn\"><span class=\"w-socials-item-link-hover\"><\/span><i class=\"fab fa-linkedin\"><\/i><\/a><div class=\"w-socials-item-popup\"><span>LinkedIn<\/span><\/div><\/div><\/div><\/div><\/div><\/div><\/div><div class=\"vc_col-sm-8 wpb_column vc_column_container\"><div class=\"vc_column-inner\"><div class=\"wpb_wrapper\"><div class=\"wpb_text_column\"><div class=\"wpb_wrapper\"><p>Liebe Besucher,<\/p>\n<p>wir freuen uns \u00fcber Ihre Nachricht.<\/p>\n<p>Wir bitten um Verst\u00e4ndnis, dass dieses <strong>Kontaktformular lediglich f\u00fcr<\/strong> <strong>allgemeine Fragen, Feedback, Lob oder Anregungen an das Praxisnetz<\/strong> dient.<\/p>\n<p>Pers\u00f6nliche Fragen an \u00c4rzte k\u00f6nnen wir leider nicht ber\u00fccksichtigen und aus datenschutzrechtlichen Gr\u00fcnden nicht weiterleiten. Sollten Sie medizinische Fragen haben oder Termine vereinbaren wollen, nehmen sie bitte direkt pers\u00f6nlichen Kontakt mit der gew\u00fcnschten Praxis auf. Die Kontaktdaten unserer Mitglieder finden Sie unter der Rubrik \u201eF\u00fcr Patienten\u201c.<\/p>\n<p>&nbsp;<\/p>\n<\/div><\/div><form class=\"w-form  us-field-style_1 layout_ver show_message_after_sending for_cform us_form_1\" action=\"https:\/\/medicoos.de\/start\/start\/wp-json\/wp\/v2\/pages\/9\" method=\"post\"><div class=\"w-form-h\"><div class=\"w-form-row for_text required with_icon\">\r\n\t\t<div class=\"w-form-row-field\">\r\n\t\t\t\t<i class=\"far fa-user\"><\/i>\t\t<input aria-label=\"Name\" type=\"text\" name=\"us_form_1_text_1\" value placeholder=\"Name *\" data-required=\"true\" aria-required=\"true\"\/>\r\n\t\t\t<\/div>\r\n\t\t<div class=\"w-form-row-state\">Bitte f\u00fcllen Sie dieses Feld aus.<\/div>\r\n<\/div>\r\n<div class=\"w-form-row for_text required with_icon\">\r\n\t\t<div class=\"w-form-row-field\">\r\n\t\t\t\t<i class=\"far fa-envelope\"><\/i>\t\t<input aria-label=\"E-Mail\" type=\"text\" name=\"us_form_1_text_2\" value placeholder=\"E-Mail *\" data-required=\"true\" aria-required=\"true\"\/>\r\n\t\t\t<\/div>\r\n\t\t<div class=\"w-form-row-state\">Bitte f\u00fcllen Sie dieses Feld aus.<\/div>\r\n<\/div>\r\n<div class=\"w-form-row for_text with_icon\">\r\n\t\t<div class=\"w-form-row-field\">\r\n\t\t\t\t<i class=\"far fa-phone\"><\/i>\t\t<input aria-label=\"Telefon\" type=\"text\" name=\"us_form_1_text_3\" value placeholder=\"Telefon\"\/>\r\n\t\t\t<\/div>\r\n\t\t<div class=\"w-form-row-state\">Bitte f\u00fcllen Sie dieses Feld aus.<\/div>\r\n<\/div>\r\n<div class=\"w-form-row for_textarea required with_icon\">\r\n\t\t<div class=\"w-form-row-field\">\r\n\t\t\t\t<i class=\"far fa-pencil\"><\/i>\t\t<textarea aria-label=\"Text\" name=\"us_form_1_textarea_1\" placeholder=\"Text *\" data-required=\"true\" aria-required=\"true\"><\/textarea>\r\n\t\t\t<\/div>\r\n\t\t<div class=\"w-form-row-state\">Bitte f\u00fcllen Sie dieses Feld aus.<\/div>\r\n<\/div>\r\n<div class=\"w-form-row for_agreement required\">\r\n\t\t<div class=\"w-form-row-field\">\r\n\t\t\t\t<label>\r\n\t\t\t<input type=\"checkbox\" value=\"1\" data-required=\"true\" aria-required=\"true\" name=\"us_form_1_agreement_1\"\/>\r\n\t\t\t<span>Mit der Nutzung dieses Formulars erkl\u00e4re ich mich mit der Speicherung und Verarbeitung meiner Daten durch diese Website einverstanden. <a href=\"\/datenschutzerklaerung\/\">Datenschutzerkl\u00e4rung<\/a><\/span>\r\n\t\t<\/label>\r\n\t\t\t<\/div>\r\n\t\t<div class=\"w-form-row-state\">Sie m\u00fcssen den Bedingungen zustimmen, um fortzufahren.<\/div>\r\n<\/div>\r\n<input type=\"hidden\" name=\"action\" value=\"us_ajax_cform\" \/>\r\n<input type=\"hidden\" name=\"post_id\" value=\"0\" \/>\r\n<input type=\"hidden\" name=\"form_index\" value=\"1\" \/>\r\n<div class=\"w-form-row for_submit align_none\"><button class=\"w-btn us-btn-style_3\" style=\"font-size:15px;\" type=\"submit\" aria-label=\"Absenden\"><span class=\"g-preloader type_1\"><\/span><span class=\"w-btn-label\">Absenden<\/span><\/button><\/div><\/div><div class=\"w-form-message\"><\/div><div class=\"w-form-json hidden\" onclick='return {&quot;ajaxurl&quot;:&quot;https:\\\/\\\/medicoos.de\\\/wp-admin\\\/admin-ajax.php&quot;,&quot;messages&quot;:{&quot;err_empty&quot;:&quot;Bitte f\\u00fcllen Sie dieses Feld aus.&quot;,&quot;err_size&quot;:&quot;Die Dateigr\\u00f6\\u00dfe darf %s MB nicht \\u00fcberschreiten&quot;,&quot;err_extension&quot;:&quot;Dateityp %s ist nicht zul\\u00e4ssig&quot;,&quot;err_recaptcha_keys&quot;:&quot;reCAPTCHA-Schl\\u00fcssel sind fehlerhaft&quot;}}'><\/div><\/form><\/div><\/div><\/div><\/div><\/div><\/section>\n","protected":false},"excerpt":{"rendered":"Kontaktdaten Gesch\u00e4ftsstelle Naher Weg 14, 48612 Horstmar, DE+49 (0)2551 18 59 857+49 (0)2551-18 59 857-7Britta R\u00fc\u00dfe-Gasch Mo \u2013 Fr von 08:00 \u2013 12:00 Uhr Social Media FacebookGoogleLinkedInLiebe Besucher, wir freuen uns \u00fcber Ihre Nachricht. Wir bitten um Verst\u00e4ndnis, dass dieses Kontaktformular lediglich f\u00fcr allgemeine Fragen, Feedback, Lob oder Anregungen an das Praxisnetz dient. Pers\u00f6nliche Fragen...","protected":false},"author":1,"featured_media":0,"parent":5113,"menu_order":0,"comment_status":"closed","ping_status":"closed","template":"","meta":{"footnotes":""},"class_list":["post-9","page","type-page","status-publish","hentry"],"_links":{"self":[{"href":"https:\/\/medicoos.de\/start\/wp-json\/wp\/v2\/pages\/9","targetHints":{"allow":["GET"]}}],"collection":[{"href":"https:\/\/medicoos.de\/start\/wp-json\/wp\/v2\/pages"}],"about":[{"href":"https:\/\/medicoos.de\/start\/wp-json\/wp\/v2\/types\/page"}],"author":[{"embeddable":true,"href":"https:\/\/medicoos.de\/start\/wp-json\/wp\/v2\/users\/1"}],"replies":[{"embeddable":true,"href":"https:\/\/medicoos.de\/start\/wp-json\/wp\/v2\/comments?post=9"}],"version-history":[{"count":31,"href":"https:\/\/medicoos.de\/start\/wp-json\/wp\/v2\/pages\/9\/revisions"}],"predecessor-version":[{"id":7163,"href":"https:\/\/medicoos.de\/start\/wp-json\/wp\/v2\/pages\/9\/revisions\/7163"}],"up":[{"embeddable":true,"href":"https:\/\/medicoos.de\/start\/wp-json\/wp\/v2\/pages\/5113"}],"wp:attachment":[{"href":"https:\/\/medicoos.de\/start\/wp-json\/wp\/v2\/media?parent=9"}],"curies":[{"name":"wp","href":"https:\/\/api.w.org\/{rel}","templated":true}]}}