{"id":6789,"date":"2024-03-13T14:31:14","date_gmt":"2024-03-13T14:31:14","guid":{"rendered":"https:\/\/medicoos.de\/start\/?page_id=6789"},"modified":"2024-03-13T14:31:14","modified_gmt":"2024-03-13T14:31:14","slug":"palliativversorgung","status":"publish","type":"page","link":"https:\/\/medicoos.de\/start\/palliativversorgung\/","title":{"rendered":"Palliativversorgung"},"content":{"rendered":"<section class=\"l-section wpb_row height_medium\"><div class=\"l-section-h i-cf\"><div class=\"g-cols vc_row via_flex valign_top type_default stacking_default\"><div class=\"vc_col-sm-6 wpb_column vc_column_container\"><div class=\"vc_column-inner\"><div class=\"wpb_wrapper\"><div class=\"wpb_text_column\"><div class=\"wpb_wrapper\"><section class=\"l-section wpb_row height_medium\">\n<div class=\"l-section-h i-cf\">\n<div class=\"g-cols vc_row via_flex valign_top type_default stacking_default\">\n<div class=\"vc_col-sm-12 wpb_column vc_column_container\">\n<div class=\"vc_column-inner\">\n<div class=\"wpb_wrapper\">\n<div class=\"wpb_text_column\">\n<div class=\"wpb_wrapper\">\n<p>Die medicoos arbeitet eng mit dem Palliativen Konsiliardienst (PKD) Steinfurt zusammen. Einige der teilnehmenden Palliativ\u00e4rzte sind ebenfalls medicoos-Mitglieder.<\/p>\n<p><strong>PDK Altenberge\/Horstmar\/Nordwalde\/Steinfurt<\/strong><br \/>\nM\u00fcnsterstra\u00dfe 11-13, 48341 Altenberge<br \/>\nTelefon: 02505-2361<br \/>\n<a href=\"https:\/\/www.pkd-steinfurt.de\/\">www.pkd-steinfurt.de<\/a><\/p>\n<p>&nbsp;<\/p>\n<p><strong>Schulungen f\u00fcr Betroffene und Angeh\u00f6rige<br \/>\n<\/strong>Dr. Volker Lei\u00df und Dr. Reinhard Stahl (medicoos-Mitglieder und PKD-\u00c4rzte) bieten in enger Vernetzung mit dem PKD Palliativschulungen an.<\/p>\n<ul>\n<li>Beantwortung aller Fragen rund um Palliativ Care<\/li>\n<li>Beratungsgespr\u00e4che im Umgang mit palliativer Chemotherapie<\/li>\n<li>\u201eDas Lebensende vorbereiten\u201c<\/li>\n<li>Hilfe bei der Erstellung einer Patientenverf\u00fcgung<\/li>\n<li>Beratung zu Schmerztherapie<\/li>\n<li>Beratung zur Erh\u00f6hung der Lebensqualit\u00e4t unter Ber\u00fccksichtigung von psychologischen, sozialen und spirituellen Problemen<\/li>\n<\/ul>\n<p>Die Terminvereinbarung erfolgt nach individueller Absprache:<br \/>\nDr. Volker Lei\u00df, Tel.: <span aria-label=\"02552 503 anrufen\">02552 503<\/span><br \/>\nDr. Reinhard Stahl, Tel.: <span aria-label=\"02558 537 anrufen\">02558 537<\/span><\/p>\n<\/div>\n<\/div>\n<\/div>\n<\/div>\n<\/div>\n<\/div>\n<\/div>\n<\/section>\n<\/div><\/div><\/div><\/div><\/div><div class=\"vc_col-sm-6 wpb_column vc_column_container\"><div class=\"vc_column-inner\"><div class=\"wpb_wrapper\"><div class=\"w-image align_none\"><div class=\"w-image-h\"><img decoding=\"async\" width=\"600\" height=\"338\" src=\"https:\/\/medicoos.de\/wp-content\/uploads\/2024\/03\/kg2vt0f5.bmp\" class=\"attachment-large size-large\" alt=\"\" loading=\"lazy\" srcset=\"https:\/\/medicoos.de\/wp-content\/uploads\/2024\/03\/kg2vt0f5.bmp 600w, https:\/\/medicoos.de\/wp-content\/uploads\/2024\/03\/kg2vt0f5-300x169.jpg 300w, https:\/\/medicoos.de\/wp-content\/uploads\/2024\/03\/kg2vt0f5-160x90.jpg 160w\" sizes=\"auto, (max-width: 600px) 100vw, 600px\" \/><\/div><\/div><\/div><\/div><\/div><\/div><\/div><\/section>\n","protected":false},"excerpt":{"rendered":"Die medicoos arbeitet eng mit dem Palliativen Konsiliardienst (PKD) Steinfurt zusammen. Einige der teilnehmenden Palliativ\u00e4rzte sind ebenfalls medicoos-Mitglieder. PDK Altenberge\/Horstmar\/Nordwalde\/Steinfurt M\u00fcnsterstra\u00dfe 11-13, 48341 Altenberge Telefon: 02505-2361 www.pkd-steinfurt.de &nbsp; Schulungen f\u00fcr Betroffene und Angeh\u00f6rige Dr. Volker Lei\u00df und Dr. Reinhard Stahl (medicoos-Mitglieder und PKD-\u00c4rzte) bieten in enger Vernetzung mit dem PKD Palliativschulungen an. Beantwortung aller Fragen...","protected":false},"author":5,"featured_media":0,"parent":0,"menu_order":0,"comment_status":"closed","ping_status":"closed","template":"","meta":{"footnotes":""},"class_list":["post-6789","page","type-page","status-publish","hentry"],"_links":{"self":[{"href":"https:\/\/medicoos.de\/start\/wp-json\/wp\/v2\/pages\/6789","targetHints":{"allow":["GET"]}}],"collection":[{"href":"https:\/\/medicoos.de\/start\/wp-json\/wp\/v2\/pages"}],"about":[{"href":"https:\/\/medicoos.de\/start\/wp-json\/wp\/v2\/types\/page"}],"author":[{"embeddable":true,"href":"https:\/\/medicoos.de\/start\/wp-json\/wp\/v2\/users\/5"}],"replies":[{"embeddable":true,"href":"https:\/\/medicoos.de\/start\/wp-json\/wp\/v2\/comments?post=6789"}],"version-history":[{"count":1,"href":"https:\/\/medicoos.de\/start\/wp-json\/wp\/v2\/pages\/6789\/revisions"}],"predecessor-version":[{"id":6791,"href":"https:\/\/medicoos.de\/start\/wp-json\/wp\/v2\/pages\/6789\/revisions\/6791"}],"wp:attachment":[{"href":"https:\/\/medicoos.de\/start\/wp-json\/wp\/v2\/media?parent=6789"}],"curies":[{"name":"wp","href":"https:\/\/api.w.org\/{rel}","templated":true}]}}