{"id":6015,"date":"2019-10-26T14:35:25","date_gmt":"2019-10-26T14:35:25","guid":{"rendered":"https:\/\/medicoos.de\/start\/?page_id=6015"},"modified":"2026-04-10T12:12:24","modified_gmt":"2026-04-10T12:12:24","slug":"hilfreiche-links","status":"publish","type":"page","link":"https:\/\/medicoos.de\/start\/hilfreiche-links\/","title":{"rendered":"Hilfreiche Links"},"content":{"rendered":"<section class=\"l-section wpb_row height_medium\"><div class=\"l-section-h i-cf\"><div class=\"g-cols vc_row via_flex valign_top type_default stacking_default\"><div class=\"vc_col-sm-12 wpb_column vc_column_container\"><div class=\"vc_column-inner\"><div class=\"wpb_wrapper\"><div class=\"w-iconbox iconpos_top style_default color_primary align_left no_text no_title\"><div class=\"w-iconbox-icon\" style=\"font-size:2rem;\"><i class=\"fal fa-info\"><\/i><\/div><div class=\"w-iconbox-meta\"><\/div><\/div><div class=\"wpb_text_column\"><div class=\"wpb_wrapper\"><h5><strong><span style=\"color: #1b98e0;\">Patienteninformationsflyer der Medicoos<\/span><\/strong><\/h5>\n<\/div><\/div><div class=\"wpb_text_column\"><div class=\"wpb_wrapper\"><p><a href=\"https:\/\/medicoos.de\/wp-content\/uploads\/2024\/10\/24-10-30-Soziale-Angebote_medicoos_Flyer_HP.pdf\" target=\"_blank\" rel=\"noopener noreferrer\">Flyer &#8211; Soziale Angebote in Steinfurt und Umgebung<\/a><\/p>\n<p><a href=\"https:\/\/medicoos.de\/wp-content\/uploads\/2025\/11\/Vorsorgeflyer-Medicoos-2025.pdf\" target=\"_blank\" rel=\"noopener\">Flyer &#8211; Vorsorgema\u00dfnahmen und Impfplan<\/a><\/p>\n<p><a href=\"https:\/\/medicoos.de\/wp-content\/uploads\/2021\/02\/Flyer-Diabetes-ist-kein-Zuckerschlecken.pdf\" target=\"_blank\" rel=\"noopener noreferrer\">Flyer \u2013 Diabetes ist kein Zuckerschlecken<\/a><\/p>\n<hr \/>\n<p>&nbsp;<\/p>\n<\/div><\/div><div class=\"w-separator size_small\"><\/div><div class=\"w-iconbox iconpos_top style_default color_primary align_left no_text no_title\"><div class=\"w-iconbox-icon\" style=\"font-size:2rem;\"><i class=\"fal fa-info\"><\/i><\/div><div class=\"w-iconbox-meta\"><\/div><\/div><div class=\"wpb_text_column\"><div class=\"wpb_wrapper\"><h5><strong><span style=\"color: #1b98e0;\">Hilfreiche Links<\/span><\/strong><\/h5>\n<\/div><\/div><div class=\"wpb_text_column\"><div class=\"wpb_wrapper\"><ul>\n<li><a href=\"http:\/\/www.kvwl.de\/patient\/notdienste\/index.htm\" target=\"_blank\" rel=\"noopener noreferrer\">\u00c4rztlicher Notdienst<\/a> (<a href=\"https:\/\/medicoos.de\/wp-content\/uploads\/2019\/10\/%C3%84rztlicher-Notfalldienst_Flyer.pdf\" target=\"_blank\" rel=\"noopener noreferrer\">Flyer<\/a> &amp; <a href=\"https:\/\/medicoos.de\/wp-content\/uploads\/2019\/10\/%C3%84rztlicher-Notfalldienst_Fax.pdf\" target=\"_blank\" rel=\"noopener noreferrer\">Faxformular)<\/a><\/li>\n<li><a href=\"http:\/\/www.aponet.de\/service\/notdienstapotheke-finden.html\" target=\"_blank\" rel=\"noopener noreferrer\">Apotheken Notdienst<\/a><\/li>\n<li><a href=\"http:\/\/www.netzwerkselbsthilfeundehrenamt.de\" target=\"_blank\" rel=\"noopener noreferrer\">Selbsthilfegruppe<\/a><\/li>\n<li><a href=\"http:\/\/www.caritasverband-steinfurt.de\/startseite\/hilfe-beratung\/menschen-mit-suchterkrankungen\/\" target=\"_blank\" rel=\"noopener noreferrer\">Sucht- und Drogenberatung<\/a><\/li>\n<li><a href=\"http:\/\/www.kreis-steinfurt.de\/kv_steinfurt\/Kreisverwaltung\/%C3%84mter\/Amt%20f%C3%BCr%20Soziales,%20Gesundheit%20und%20Pflege\/\" target=\"_blank\" rel=\"noopener noreferrer\">Amt f\u00fcr Soziales, Gesundheit und Pflege<\/a><\/li>\n<li><a href=\"https:\/\/www.kbv.de\/html\/service_fuer_patienten.php\" target=\"_blank\" rel=\"noopener noreferrer\">KBV Patienteninformation<\/a><\/li>\n<li><a href=\"https:\/\/www.iqwig.de\/\" target=\"_blank\" rel=\"noopener noreferrer\">IQWIG<\/a><\/li>\n<li><a href=\"https:\/\/www.gesundheitsinformation.de\/\" target=\"_blank\" rel=\"noopener noreferrer\">Gesundheitsinformationen (IQWIG)<\/a><\/li>\n<li><a href=\"https:\/\/www.patientenberatung.de\/de\" target=\"_blank\" rel=\"noopener noreferrer\">Unabh\u00e4ngige Patientenberatung (UPD)<\/a><\/li>\n<li><a href=\"https:\/\/www.patienten-information.de\/\" target=\"_blank\" rel=\"noopener noreferrer\">Allgemeine Patienteninformationen <\/a>&#8211; z.B. Informationen \u00fcber Barrierefreiheit in der Praxis<\/li>\n<\/ul>\n<hr \/>\n<p>&nbsp;<\/p>\n<\/div><\/div><div class=\"w-separator size_small\"><\/div><div class=\"w-iconbox iconpos_top style_default color_primary align_left no_text no_title\"><div class=\"w-iconbox-icon\" style=\"font-size:2rem;\"><i class=\"fal fa-info\"><\/i><\/div><div class=\"w-iconbox-meta\"><\/div><\/div><div class=\"wpb_text_column\"><div class=\"wpb_wrapper\"><h5><strong><span style=\"color: #1b98e0;\">Hilfe zur Selbsthilfe &#8211; Seelische\/Psychische Gesundheit<\/span><\/strong><\/h5>\n<\/div><\/div><div class=\"wpb_text_column\"><div class=\"wpb_wrapper\"><p><strong>Allgemeines:<br \/>\n<\/strong><a href=\"https:\/\/www.palverlag.de\/\" target=\"_blank\" rel=\"noopener noreferrer\">Praktisch anwendbare Lebenshilfen<\/a><strong><br \/>\n<\/strong><a href=\"https:\/\/www.bptk.de\/patientinnen\/einfuehrung\/\" target=\"_blank\" rel=\"noopener noreferrer\">BundesPsychotherapeutenKammer &#8211; Infos f\u00fcr Patienten\u00a0<\/a><a href=\"https:\/\/www.bptk.de\/patientinnen\/einfuehrung\/\" target=\"_blank\" rel=\"noopener noreferrer\"><strong><br \/>\n<\/strong><\/a><a href=\"https:\/\/www.wege-zur-psychotherapie.org\/\" target=\"_blank\" rel=\"noopener\">BundesPsychotherapeutenKammer &#8211; Wege zur Psychotherapie<\/a> <a href=\"https:\/\/www.bptk.de\/patientinnen\/einfuehrung\/\" target=\"_blank\" rel=\"noopener noreferrer\"><strong><br \/>\n<\/strong><\/a><a href=\"https:\/\/www.diakonie-west.de\/hilfe-beratung\/\" target=\"_blank\" rel=\"noopener\">Angebote der Diakonie Steinfurt &#8211; Hilfe &amp;\u00a0 Beratung<\/a><a href=\"https:\/\/www.diakonie-west.de\/hilfe-beratung\/\"><strong><br \/>\n<\/strong><\/a><a href=\"https:\/\/www.caritasverband-steinfurt.de\/hilfe-beratung\/hilfe-beratung\" target=\"_blank\" rel=\"noopener\">Angebote &amp; Dienste der Caritas<\/a><a href=\"https:\/\/www.diakonie-west.de\/hilfe-beratung\/\"><strong><br \/>\n<\/strong><\/a><\/p>\n<p><strong>Telefonseelsorge und Selbsthilfegruppen:<br \/>\n<\/strong><a href=\"https:\/\/online.telefonseelsorge.de\/\" target=\"_blank\" rel=\"noopener\">Kreisdekanat Steinfurt &#8211; Telefon-\/Chatseelsorge<\/a>\u00a0<strong><br \/>\n<\/strong><a href=\"https:\/\/www.der-kirchenkreis.de\/arbeitsfelder\/notfallseelsorge-und-beratung\/\" target=\"_blank\" rel=\"noopener noreferrer\">Evangelischer Kirchenkreis Steinfurt-Borken-Coesfeld &#8211; Notfallseelsorge und Beratung<\/a><a href=\"https:\/\/www.bptk.de\/patientinnen\/einfuehrung\/\" target=\"_blank\" rel=\"noopener noreferrer\"><strong><br \/>\n<\/strong><\/a><a href=\"https:\/\/www.netzwerkselbsthilfeundehrenamt.de\/content\/\" target=\"_blank\" rel=\"noopener noreferrer\">Der Partit\u00e4tische &#8211; Netzwerk Selbsthilfe und Ehrenamt<\/a><a href=\"https:\/\/www.bptk.de\/patientinnen\/einfuehrung\/\" target=\"_blank\" rel=\"noopener noreferrer\"><strong><br \/>\n<\/strong><\/a><\/p>\n<p><strong>Kinder- und Jugendschutz:<br \/>\n<\/strong><a href=\"https:\/\/krisenhilfe-muenster.de\/mehr-infos\/jugendliche\/\" target=\"_blank\" rel=\"noopener noreferrer\">Krisenhilfe M\u00fcnster e.V.\u00a0<\/a><a href=\"https:\/\/www.bptk.de\/patientinnen\/einfuehrung\/\" target=\"_blank\" rel=\"noopener noreferrer\"><strong><br \/>\n<\/strong><\/a><a href=\"https:\/\/www.roterkeil.net\/projekte\/praevention-im-muensterland\" target=\"_blank\" rel=\"noopener noreferrer\">Roterkeil &#8211; Pr\u00e4vention und Beratung<\/a><\/p>\n<p><strong>Anlaufstellen bei Kindesmissbrauch:<br \/>\n<\/strong><a href=\"https:\/\/www.zartbitter-muenster.de\/\" target=\"_blank\" rel=\"noopener noreferrer\">Zartbitter M\u00fcnster e.V.<\/a><a href=\"https:\/\/www.bptk.de\/patientinnen\/einfuehrung\/\" target=\"_blank\" rel=\"noopener noreferrer\"><strong><br \/>\n<\/strong><\/a><a href=\"https:\/\/beratungsstelle-muenster.de\/kein-raum-fuer-missbrauch\/\" target=\"_blank\" rel=\"noopener noreferrer\">Eltern und Jugendberatung M\u00fcnster &#8211; Beratungsstelle f\u00fcr Eltern, Kinder und Jugendliche<\/a><a href=\"https:\/\/www.bptk.de\/patientinnen\/einfuehrung\/\" target=\"_blank\" rel=\"noopener noreferrer\"><strong><br \/>\n<\/strong><\/a><a href=\"https:\/\/www.drk-muenster.de\/angebot\/kinderschutzambulanz\/clearingstelle.html\" target=\"_blank\" rel=\"noopener noreferrer\">Kinderschutzambulanz DRK M\u00fcnster<\/a><a href=\"https:\/\/www.bptk.de\/patientinnen\/einfuehrung\/\" target=\"_blank\" rel=\"noopener noreferrer\"><strong><br \/>\n<\/strong><\/a><\/p>\n<p><strong>Angebote der Krankenkassen:<br \/>\n<\/strong><a href=\"https:\/\/www.aok.de\/pk\/leistungen\/\" target=\"_blank\" rel=\"noopener\">AOK Nordwest<\/a>\u00a0<strong><br \/>\n<\/strong><a href=\"https:\/\/www.barmer.de\/unsere-leistungen\/leistungen-a-z\" target=\"_blank\" rel=\"noopener\">Barmer<\/a>\u00a0<strong><br \/>\n<\/strong><a href=\"https:\/\/www.big-direkt.de\/de\/leistungen\/seelische-gesundheit\" target=\"_blank\" rel=\"noopener\">BIG<\/a><strong><br \/>\n<\/strong><a href=\"https:\/\/www.dak.de\/dak\/leistungen\/psychotherapie-wir-unterstuetzen-sie-2080280.html#\/\" target=\"_blank\" rel=\"noopener\">DAK Psychotherapie<\/a>\u00a0<strong><br \/>\n<\/strong><a href=\"https:\/\/www.dak.de\/dak\/leistungen\/praeventionskurse-mit-ihrer-krankenkasse-2072756.html#\/\" target=\"_blank\" rel=\"noopener\">DAK Pr\u00e4vention<\/a>\u00a0<strong><br \/>\n<\/strong><a href=\"https:\/\/www.hek.de\/erstklassige-leistungen\/\" target=\"_blank\" rel=\"noopener\">HEK<\/a>\u00a0<strong><br \/>\n<\/strong><a href=\"https:\/\/www.hkk.de\/leistungen-und-services\/hkk-leistungen\/alle-leistungen-von-a-z\" target=\"_blank\" rel=\"noopener\">HKK<\/a> \u00a0<strong><br \/>\n<\/strong><a href=\"https:\/\/www.ikk-classic.de\/pk\/leistungen\" target=\"_blank\" rel=\"noopener\">IKK<\/a>\u00a0<strong><br \/>\n<\/strong><a href=\"https:\/\/www.knappschaft.de\/DE\/LeistungenGesundheit\/leistungengesundheit_node.html\" target=\"_blank\" rel=\"noopener\">Knappschaft<\/a> \u00a0<strong><br \/>\n<\/strong><a href=\"https:\/\/www.kkh.de\/leistungen\/ueberblick-leistungen\" target=\"_blank\" rel=\"noopener\">KKH<\/a>\u00a0\u00a0<strong><br \/>\n<\/strong><a href=\"https:\/\/www.tk.de\/techniker\/gesundheit-und-medizin\/behandlungen-und-medizin\/psychische-erkrankungen-2019136#0\" target=\"_blank\" rel=\"noopener\">TKK<\/a><\/p>\n<\/div><\/div><\/div><\/div><\/div><\/div><\/div><\/section>\n","protected":false},"excerpt":{"rendered":"Patienteninformationsflyer der Medicoos Flyer &#8211; Soziale Angebote in Steinfurt und Umgebung Flyer &#8211; Vorsorgema\u00dfnahmen und Impfplan Flyer \u2013 Diabetes ist kein Zuckerschlecken &nbsp; Hilfreiche Links \u00c4rztlicher Notdienst (Flyer &amp; Faxformular) Apotheken Notdienst Selbsthilfegruppe Sucht- und Drogenberatung Amt f\u00fcr Soziales, Gesundheit und Pflege KBV Patienteninformation IQWIG Gesundheitsinformationen (IQWIG) Unabh\u00e4ngige Patientenberatung (UPD) Allgemeine Patienteninformationen &#8211; z.B. Informationen...","protected":false},"author":1,"featured_media":0,"parent":0,"menu_order":0,"comment_status":"closed","ping_status":"closed","template":"","meta":{"footnotes":""},"class_list":["post-6015","page","type-page","status-publish","hentry"],"_links":{"self":[{"href":"https:\/\/medicoos.de\/start\/wp-json\/wp\/v2\/pages\/6015","targetHints":{"allow":["GET"]}}],"collection":[{"href":"https:\/\/medicoos.de\/start\/wp-json\/wp\/v2\/pages"}],"about":[{"href":"https:\/\/medicoos.de\/start\/wp-json\/wp\/v2\/types\/page"}],"author":[{"embeddable":true,"href":"https:\/\/medicoos.de\/start\/wp-json\/wp\/v2\/users\/1"}],"replies":[{"embeddable":true,"href":"https:\/\/medicoos.de\/start\/wp-json\/wp\/v2\/comments?post=6015"}],"version-history":[{"count":26,"href":"https:\/\/medicoos.de\/start\/wp-json\/wp\/v2\/pages\/6015\/revisions"}],"predecessor-version":[{"id":7152,"href":"https:\/\/medicoos.de\/start\/wp-json\/wp\/v2\/pages\/6015\/revisions\/7152"}],"wp:attachment":[{"href":"https:\/\/medicoos.de\/start\/wp-json\/wp\/v2\/media?parent=6015"}],"curies":[{"name":"wp","href":"https:\/\/api.w.org\/{rel}","templated":true}]}}