{"id":5963,"date":"2019-10-20T18:25:36","date_gmt":"2019-10-20T18:25:36","guid":{"rendered":"https:\/\/medicoos.de\/start\/?page_id=5963"},"modified":"2026-04-10T13:01:55","modified_gmt":"2026-04-10T13:01:55","slug":"projekte","status":"publish","type":"page","link":"https:\/\/medicoos.de\/start\/projekte\/","title":{"rendered":"Projekte"},"content":{"rendered":"<section class=\"l-section wpb_row height_medium\"><div class=\"l-section-h i-cf\"><div class=\"g-cols vc_row via_flex valign_top type_default stacking_default\"><div class=\"vc_col-sm-12 wpb_column vc_column_container\"><div class=\"vc_column-inner\"><div class=\"wpb_wrapper\"><div class=\"wpb_text_column\"><div class=\"wpb_wrapper\"><h5><span style=\"color: #1b98e0;\">Pr\u00e4diabetes-Versorgungspfad<\/span><\/h5>\n<\/div><\/div><div class=\"wpb_text_column\"><div class=\"wpb_wrapper\"><p><span style=\"color: #000000;\">Der Diabetes-Versorgungspfad ist ein Programm zur Pr\u00e4vention, Fr\u00fcherkennung, Diagnostik und Behandlung von Patienten mit Diabetes Typ 2. Ziel des Projektes ist es, Risikopatienten fr\u00fchzeitig zu erkennen, Folgeerkrankungen zu vermeiden und Diabetespatienten sicher zu versorgen. In diesem Projekt werden u.a. auch Ern\u00e4hrungsberater und Sportinstitutionen miteinbezogen, um im Rahmen der Behandlung eine Verbesserung der Lebensqualit\u00e4t und Gesundheit zu erm\u00f6glichen.<\/span><\/p>\n<hr \/>\n<p>&nbsp;<\/p>\n<\/div><\/div><div class=\"wpb_text_column\"><div class=\"wpb_wrapper\"><h5><span style=\"color: #1b98e0;\">Bleib-Fit-Versorgungspfad<\/span><\/h5>\n<\/div><\/div><div class=\"wpb_text_column\"><div class=\"wpb_wrapper\"><p>Mit dem \u201eBleib-Fit\u201c-Pfad haben wir Strategien und Ma\u00dfnahmen entwickelt, die den hohen Grad an Autonomie und Selbstbestimmung im Alter langfristig erhalten sollen.<\/p>\n<p>Standardisierte geriatrische Assessments, Demenz-Screening und Haushaltsbegehungen von Koordinationsfachkr\u00e4ften, zur Kl\u00e4rung potentieller Gefahrenquellen, sind Inhalt dieses Programms. Unsere Ziele sind der Erhalt vorhandener Mobilit\u00e4t und Selbst\u00e4ndigkeit. Gleichzeitig wollen wir Immobilit\u00e4t und Isolation gezielt vermeiden.<\/p>\n<hr \/>\n<p>&nbsp;<\/p>\n<\/div><\/div><div class=\"wpb_text_column\"><div class=\"wpb_wrapper\"><h5><span style=\"color: #1b98e0;\">App zum Doc<\/span><\/h5>\n<\/div><\/div><div class=\"wpb_text_column\"><div class=\"wpb_wrapper\"><p><span style=\"color: #000000;\">Die Kommunikation mit unseren Praxen jetzt auch einfach via App m\u00f6glich.\u00a0<\/span><span style=\"color: #000000;\">Sie k\u00f6nnen damit:<\/span><\/p>\n<ul>\n<li><span style=\"color: #000000;\">Termine anfragen<\/span><\/li>\n<li><span style=\"color: #000000;\">Rezepte &amp; \u00dcberweisungen ordern<\/span><\/li>\n<li><span style=\"color: #000000;\">Leistungsspektrum und<\/span><\/li>\n<li><span style=\"color: #000000;\">\u00d6ffnungszeiten einsehen<\/span><\/li>\n<li><span style=\"color: #000000;\">Medikationsplan digital erfassen und \u00fcbertragen<\/span><\/li>\n<\/ul>\n<p><span style=\"color: #000000;\">Die Kostenlose App finden Sie in den Stores unter: <a href=\"https:\/\/www.app-zum-doc.de\/\">app-zum-doc<\/a><\/span><\/p>\n<\/div><\/div><\/div><\/div><\/div><\/div><\/div><\/section>\n","protected":false},"excerpt":{"rendered":"Pr\u00e4diabetes-Versorgungspfad Der Diabetes-Versorgungspfad ist ein Programm zur Pr\u00e4vention, Fr\u00fcherkennung, Diagnostik und Behandlung von Patienten mit Diabetes Typ 2. Ziel des Projektes ist es, Risikopatienten fr\u00fchzeitig zu erkennen, Folgeerkrankungen zu vermeiden und Diabetespatienten sicher zu versorgen. In diesem Projekt werden u.a. auch Ern\u00e4hrungsberater und Sportinstitutionen miteinbezogen, um im Rahmen der Behandlung eine Verbesserung der Lebensqualit\u00e4t und...","protected":false},"author":1,"featured_media":0,"parent":0,"menu_order":0,"comment_status":"closed","ping_status":"closed","template":"","meta":{"footnotes":""},"class_list":["post-5963","page","type-page","status-publish","hentry"],"_links":{"self":[{"href":"https:\/\/medicoos.de\/start\/wp-json\/wp\/v2\/pages\/5963","targetHints":{"allow":["GET"]}}],"collection":[{"href":"https:\/\/medicoos.de\/start\/wp-json\/wp\/v2\/pages"}],"about":[{"href":"https:\/\/medicoos.de\/start\/wp-json\/wp\/v2\/types\/page"}],"author":[{"embeddable":true,"href":"https:\/\/medicoos.de\/start\/wp-json\/wp\/v2\/users\/1"}],"replies":[{"embeddable":true,"href":"https:\/\/medicoos.de\/start\/wp-json\/wp\/v2\/comments?post=5963"}],"version-history":[{"count":33,"href":"https:\/\/medicoos.de\/start\/wp-json\/wp\/v2\/pages\/5963\/revisions"}],"predecessor-version":[{"id":7158,"href":"https:\/\/medicoos.de\/start\/wp-json\/wp\/v2\/pages\/5963\/revisions\/7158"}],"wp:attachment":[{"href":"https:\/\/medicoos.de\/start\/wp-json\/wp\/v2\/media?parent=5963"}],"curies":[{"name":"wp","href":"https:\/\/api.w.org\/{rel}","templated":true}]}}