{"id":5918,"date":"2019-10-20T16:30:17","date_gmt":"2019-10-20T16:30:17","guid":{"rendered":"https:\/\/medicoos.de\/?page_id=5918"},"modified":"2021-11-16T10:25:31","modified_gmt":"2021-11-16T10:25:31","slug":"ueber-uns","status":"publish","type":"page","link":"https:\/\/medicoos.de\/start\/wir-als-partner\/ueber-uns\/","title":{"rendered":"medicoos &#8211; das Praxisnetz mit Auszeichnung"},"content":{"rendered":"<p>&nbsp;<\/p>\n<p><strong>Der medicoos Berufsverband e.V. ist ein Zusammenschluss von rund 30 niedergelassenen Haus- und Fach\u00e4rzten aus Steinfurt und Umgebung. Unser Praxisnetz hat das Ziel, eine wohnortnahe, qualitativ hochwertige medizinische Versorgung der Bev\u00f6lkerung sicherzustellen.<\/strong><\/p>\n<h5><\/h5>\n<h5>Gut, besser, medicoos \u2013 das Praxisnetz mit Auszeichnung<\/h5>\n<p>Seit 2015 geh\u00f6ren wir zu den von der Kassen\u00e4rztlichen Vereinigung anerkannten und f\u00f6rderungsf\u00e4higen Praxisnetzen in Westfalen-Lippe. F\u00fcr dieses Zertifikat muss ein Praxisnetz besondere Versorgungsstrukturen vorweisen, die regelm\u00e4\u00dfig kontrolliert werden. Um unseren hohen Standard noch zu verbessern, arbeiten wir kontinuierlich daran, die Qualit\u00e4t der Patientenversorgung weiter zu steigern.<\/p>\n<h5>Zukunftsgedanken<\/h5>\n<p>Um die Patientenversorgung zu verbessern sowie die Zusammenarbeit unserer Mitglieder zu vereinfachen und zu st\u00e4rken, ist eine digitale Vernetzung zwischen unseren Praxen l\u00e4ngst schon Realit\u00e4t geworden. So k\u00f6nnen wichtige und aktuelle Patientendaten im Notfall schnell abgerufen werden.<\/p>\n<p>Auch sonst schreitet die Digitalisierung im Gesundheitsbereich voran. So gibt es neben der \u201eAPP zum Doc\u201c auch die M\u00f6glichkeit, online Termine, Rezepte und \u00dcberweisungen anzufragen, das Leistungsspektrum und \u00d6ffnungszeiten einzusehen sowie einen Medikationsplan digital zu erfassen und zu \u00fcbertragen.<\/p>\n<p>&nbsp;<\/p>\n<h5 style=\"letter-spacing: normal;\"><\/h5>\n<h5 style=\"padding-top: 0px; letter-spacing: normal;\"><img loading=\"lazy\" decoding=\"async\" class=\"aligncenter wp-image-6544 size-full\" src=\"https:\/\/medicoos.de\/wp-content\/uploads\/2021\/11\/Gruppe_Haus01-scaled.jpg\" alt=\"\" width=\"2560\" height=\"1708\" srcset=\"https:\/\/medicoos.de\/wp-content\/uploads\/2021\/11\/Gruppe_Haus01-scaled.jpg 2560w, https:\/\/medicoos.de\/wp-content\/uploads\/2021\/11\/Gruppe_Haus01-300x200.jpg 300w, https:\/\/medicoos.de\/wp-content\/uploads\/2021\/11\/Gruppe_Haus01-1024x683.jpg 1024w, https:\/\/medicoos.de\/wp-content\/uploads\/2021\/11\/Gruppe_Haus01-160x107.jpg 160w, https:\/\/medicoos.de\/wp-content\/uploads\/2021\/11\/Gruppe_Haus01-600x400.jpg 600w, https:\/\/medicoos.de\/wp-content\/uploads\/2021\/11\/Gruppe_Haus01-768x512.jpg 768w\" sizes=\"auto, (max-width: 2560px) 100vw, 2560px\" \/><\/h5>\n","protected":false},"excerpt":{"rendered":"<p>&nbsp; Der medicoos Berufsverband e.V. ist ein Zusammenschluss von rund 30 niedergelassenen Haus- und Fach\u00e4rzten aus Steinfurt und Umgebung. Unser Praxisnetz hat das Ziel, eine wohnortnahe, qualitativ hochwertige medizinische Versorgung der Bev\u00f6lkerung sicherzustellen. Gut, besser, medicoos \u2013 das Praxisnetz mit Auszeichnung Seit 2015 geh\u00f6ren wir zu den von der Kassen\u00e4rztlichen Vereinigung anerkannten und f\u00f6rderungsf\u00e4higen Praxisnetzen&#8230;<\/p>\n","protected":false},"author":1,"featured_media":0,"parent":5072,"menu_order":1,"comment_status":"closed","ping_status":"closed","template":"","meta":{"footnotes":""},"class_list":["post-5918","page","type-page","status-publish","hentry"],"_links":{"self":[{"href":"https:\/\/medicoos.de\/start\/wp-json\/wp\/v2\/pages\/5918","targetHints":{"allow":["GET"]}}],"collection":[{"href":"https:\/\/medicoos.de\/start\/wp-json\/wp\/v2\/pages"}],"about":[{"href":"https:\/\/medicoos.de\/start\/wp-json\/wp\/v2\/types\/page"}],"author":[{"embeddable":true,"href":"https:\/\/medicoos.de\/start\/wp-json\/wp\/v2\/users\/1"}],"replies":[{"embeddable":true,"href":"https:\/\/medicoos.de\/start\/wp-json\/wp\/v2\/comments?post=5918"}],"version-history":[{"count":25,"href":"https:\/\/medicoos.de\/start\/wp-json\/wp\/v2\/pages\/5918\/revisions"}],"predecessor-version":[{"id":6553,"href":"https:\/\/medicoos.de\/start\/wp-json\/wp\/v2\/pages\/5918\/revisions\/6553"}],"up":[{"embeddable":true,"href":"https:\/\/medicoos.de\/start\/wp-json\/wp\/v2\/pages\/5072"}],"wp:attachment":[{"href":"https:\/\/medicoos.de\/start\/wp-json\/wp\/v2\/media?parent=5918"}],"curies":[{"name":"wp","href":"https:\/\/api.w.org\/{rel}","templated":true}]}}