{"id":5903,"date":"2019-10-20T15:41:06","date_gmt":"2019-10-20T15:41:06","guid":{"rendered":"https:\/\/medicoos.de\/?page_id=5903"},"modified":"2026-04-13T08:24:36","modified_gmt":"2026-04-13T08:24:36","slug":"start-2","status":"publish","type":"page","link":"https:\/\/medicoos.de\/start\/","title":{"rendered":""},"content":{"rendered":"<section class=\"l-section wpb_row height_auto width_full\"><div class=\"l-section-h i-cf\"><div class=\"g-cols vc_row via_flex valign_top type_default stacking_default\"><div class=\"vc_col-sm-12 wpb_column vc_column_container\"><div class=\"vc_column-inner\"><div class=\"wpb_wrapper\">[rev_slider_vc alias=&#8220;home1&#8243;]<\/div><\/div><\/div><\/div><\/div><\/section><section class=\"l-section wpb_row height_medium\"><div class=\"l-section-h i-cf\"><div class=\"g-cols vc_row via_flex valign_top type_default stacking_default\"><div class=\"vc_col-sm-12 wpb_column vc_column_container\"><div class=\"vc_column-inner\"><div class=\"wpb_wrapper\"><div class=\"wpb_text_column\"><div class=\"wpb_wrapper\"><p>Gesundheit und Vitalit\u00e4t sind f\u00fcr uns nicht nur leere Worte \u2013 wir machen uns t\u00e4glich stark f\u00fcr Ihr Wohlergehen.<\/p>\n<p>Seit rund 15 Jahren arbeiten die \u00c4rztinnen und \u00c4rzte in der <span style=\"color: #1b98e0;\"><strong>Medizinischen Cooperation Steinfurt<\/strong> \u2013 kurz medicoos<\/span>, bereits eng zusammen, um die ambulante medizinische Versorgung in der Region f\u00fcr Sie zu erhalten und best\u00e4ndig weiterzuentwickeln.<\/p>\n<p>In unserem Netzwerk arbeiten Tradition und Moderne Hand in Hand.<\/p>\n<p>Neben den praktizierenden \u00c4rzten leisten auch unsere Seniorenmitglieder einen wertvollen Beitrag als erfahrene Ratgeber und zus\u00e4tzliche medizinische Versorgung in Notf\u00e4llen und auch die MFA (Medizinische Fachangestellte) aus dem Raum Steinfurt haben mit medicoos einen Ort gefunden, um sich auszutauschen und Arbeitsabl\u00e4ufe zu optimieren. Schlie\u00dflich sind sie nicht nur Ihr erster Ansprechpartner in der Praxis, sondern t\u00e4glich auch Bollwerk, Praxismanager und Seelentr\u00f6ster zugleich.\u00a0Doch vor allem die vielen positiven R\u00fcckmeldungen unserer Patientinnen und Patienten motivieren uns, unsere Arbeit auch in Zukunft tatkr\u00e4ftig fortzuf\u00fchren.<\/p>\n<p>Auf unserer Homepage m\u00f6chten wir Ihnen einen Einblick in unser Praxisnetzwerk geben.\u00a0Lernen Sie \u00a0uns, unsere Arbeit und unsere Projekte kennen.<\/p>\n<p>Bleiben Sie gesund!<\/p>\n<p>Ihr<strong><br \/>\n<\/strong>medicoos Berufsverband e.V.<\/p>\n<\/div><\/div><div class=\"w-btn-wrapper align_center\"><a class=\"w-btn us-btn-style_1 us_custom_b2d0084d us_animate_this\" target=\"_blank\" href=\"https:\/\/medicoos.de\/wp-content\/uploads\/2025\/02\/medicoos-Netzbroschuere-2025_HP.pdf\"><span class=\"w-btn-label\">Medicoos Brosch\u00fcre<\/span><\/a><\/div><\/div><\/div><\/div><\/div><\/div><\/section><section class=\"l-section wpb_row height_medium\"><div class=\"l-section-h i-cf\"><div class=\"g-cols vc_row via_flex valign_top type_default stacking_default\"><div class=\"vc_col-sm-12 wpb_column vc_column_container\"><div class=\"vc_column-inner\"><div class=\"wpb_wrapper\"><\/div><\/div><\/div><\/div><\/div><\/section>\n","protected":false},"excerpt":{"rendered":"[rev_slider_vc alias=\"home1\"]Gesundheit und Vitalit\u00e4t sind f\u00fcr uns nicht nur leere Worte \u2013 wir machen uns t\u00e4glich stark f\u00fcr Ihr Wohlergehen. Seit rund 15 Jahren arbeiten die \u00c4rztinnen und \u00c4rzte in der Medizinischen Cooperation Steinfurt \u2013 kurz medicoos, bereits eng zusammen, um die ambulante medizinische Versorgung in der Region f\u00fcr Sie zu erhalten und best\u00e4ndig weiterzuentwickeln....","protected":false},"author":1,"featured_media":0,"parent":0,"menu_order":1,"comment_status":"closed","ping_status":"closed","template":"","meta":{"footnotes":""},"class_list":["post-5903","page","type-page","status-publish","hentry"],"_links":{"self":[{"href":"https:\/\/medicoos.de\/start\/wp-json\/wp\/v2\/pages\/5903","targetHints":{"allow":["GET"]}}],"collection":[{"href":"https:\/\/medicoos.de\/start\/wp-json\/wp\/v2\/pages"}],"about":[{"href":"https:\/\/medicoos.de\/start\/wp-json\/wp\/v2\/types\/page"}],"author":[{"embeddable":true,"href":"https:\/\/medicoos.de\/start\/wp-json\/wp\/v2\/users\/1"}],"replies":[{"embeddable":true,"href":"https:\/\/medicoos.de\/start\/wp-json\/wp\/v2\/comments?post=5903"}],"version-history":[{"count":50,"href":"https:\/\/medicoos.de\/start\/wp-json\/wp\/v2\/pages\/5903\/revisions"}],"predecessor-version":[{"id":7161,"href":"https:\/\/medicoos.de\/start\/wp-json\/wp\/v2\/pages\/5903\/revisions\/7161"}],"wp:attachment":[{"href":"https:\/\/medicoos.de\/start\/wp-json\/wp\/v2\/media?parent=5903"}],"curies":[{"name":"wp","href":"https:\/\/api.w.org\/{rel}","templated":true}]}}