{"id":5899,"date":"2019-10-18T21:39:33","date_gmt":"2019-10-18T21:39:33","guid":{"rendered":"https:\/\/medicoos.de\/?page_id=5899"},"modified":"2026-04-10T12:54:16","modified_gmt":"2026-04-10T12:54:16","slug":"ansprechpartner","status":"publish","type":"page","link":"https:\/\/medicoos.de\/start\/ansprechpartner\/","title":{"rendered":"Ansprechpartner"},"content":{"rendered":"<section class=\"l-section wpb_row height_medium\"><div class=\"l-section-h i-cf\"><div class=\"g-cols vc_row via_flex valign_top type_default stacking_default\"><div class=\"vc_col-sm-12 wpb_column vc_column_container\"><div class=\"vc_column-inner\"><div class=\"wpb_wrapper\"><div class=\"wpb_text_column\"><div class=\"wpb_wrapper\"><h5><span style=\"color: #1b98e0;\"><strong>Gesch\u00e4ftsstelle<\/strong><\/span><\/h5>\n<p>Britta R\u00fc\u00dfe-Gasch<br \/>\nTel.: 02551-18 59 857<br \/>\nFax: 02551-18 59 857-7<br \/>\nE-Mail: buero@medicoos.de<\/p>\n<p>Mo &#8211; Fr von 08:00 &#8211; 12:00 Uhr<\/p>\n<\/div><\/div><\/div><\/div><\/div><\/div><\/div><\/section>\n","protected":false},"excerpt":{"rendered":"Gesch\u00e4ftsstelle Britta R\u00fc\u00dfe-Gasch Tel.: 02551-18 59 857 Fax: 02551-18 59 857-7 E-Mail: buero@medicoos.de Mo &#8211; Fr von 08:00 &#8211; 12:00 Uhr","protected":false},"author":1,"featured_media":0,"parent":0,"menu_order":0,"comment_status":"closed","ping_status":"closed","template":"","meta":{"footnotes":""},"class_list":["post-5899","page","type-page","status-publish","hentry"],"_links":{"self":[{"href":"https:\/\/medicoos.de\/start\/wp-json\/wp\/v2\/pages\/5899","targetHints":{"allow":["GET"]}}],"collection":[{"href":"https:\/\/medicoos.de\/start\/wp-json\/wp\/v2\/pages"}],"about":[{"href":"https:\/\/medicoos.de\/start\/wp-json\/wp\/v2\/types\/page"}],"author":[{"embeddable":true,"href":"https:\/\/medicoos.de\/start\/wp-json\/wp\/v2\/users\/1"}],"replies":[{"embeddable":true,"href":"https:\/\/medicoos.de\/start\/wp-json\/wp\/v2\/comments?post=5899"}],"version-history":[{"count":7,"href":"https:\/\/medicoos.de\/start\/wp-json\/wp\/v2\/pages\/5899\/revisions"}],"predecessor-version":[{"id":7157,"href":"https:\/\/medicoos.de\/start\/wp-json\/wp\/v2\/pages\/5899\/revisions\/7157"}],"wp:attachment":[{"href":"https:\/\/medicoos.de\/start\/wp-json\/wp\/v2\/media?parent=5899"}],"curies":[{"name":"wp","href":"https:\/\/api.w.org\/{rel}","templated":true}]}}