{"id":5880,"date":"2019-10-18T21:16:47","date_gmt":"2019-10-18T21:16:47","guid":{"rendered":"https:\/\/medicoos.de\/?page_id=5880"},"modified":"2023-09-27T11:07:29","modified_gmt":"2023-09-27T11:07:29","slug":"patienten-vorteile","status":"publish","type":"page","link":"https:\/\/medicoos.de\/start\/patienten-vorteile\/","title":{"rendered":"Vorteile"},"content":{"rendered":"<p>Unsere Haus- und Fach\u00e4rzte haben sich f\u00fcr ihre Gesundheit zusammenschlossen. Die dadurch verbesserte Kooperation und Kommunikation f\u00fchrt zu einer nachhaltig gesteigerten Versorgungsqualit\u00e4t und Patientenzufriedenheit in ihrer Region.<br \/>\nHierbei legen wir gro\u00dfen Wert auf einen hohen Qualit\u00e4tsstandard, den wir durch eigene Qualit\u00e4tszirkel sicherstellen. Durch regelm\u00e4\u00dfige Fortbildungen f\u00fcr unsere \u00c4rzte und Praxismitarbeiter\/innen arbeiten wir zudem stets auf dem aktuellsten Stand der Wissenschaft.<\/p>\n<p>Ihre Vorteile auf einen Blick:<\/p>\n<ul>\n<li>wohnortnahe Behandlung<\/li>\n<li>keine langen Wartezeiten<\/li>\n<li>Zus\u00e4tzliche Behandlungs- und Serviceangebote<\/li>\n<li>zeitintensive Mehrfachuntersuchungen sowie unn\u00f6tige Krankenhausaufenthalte<br \/>\nk\u00f6nnen minimiert werden<\/li>\n<li>Gefahr der Medikamentenwechselwirkungen kann reduziert werden<\/li>\n<li>Pr\u00e4ventiver Schutz vor (chronischer) Erkrankungen<\/li>\n<\/ul>\n","protected":false},"excerpt":{"rendered":"<p>Unsere Haus- und Fach\u00e4rzte haben sich f\u00fcr ihre Gesundheit zusammenschlossen. Die dadurch verbesserte Kooperation und Kommunikation f\u00fchrt zu einer nachhaltig gesteigerten Versorgungsqualit\u00e4t und Patientenzufriedenheit in ihrer Region. Hierbei legen wir gro\u00dfen Wert auf einen hohen Qualit\u00e4tsstandard, den wir durch eigene Qualit\u00e4tszirkel sicherstellen. Durch regelm\u00e4\u00dfige Fortbildungen f\u00fcr unsere \u00c4rzte und Praxismitarbeiter\/innen arbeiten wir zudem stets auf&#8230;<\/p>\n","protected":false},"author":1,"featured_media":0,"parent":0,"menu_order":0,"comment_status":"closed","ping_status":"closed","template":"","meta":{"footnotes":""},"class_list":["post-5880","page","type-page","status-publish","hentry"],"_links":{"self":[{"href":"https:\/\/medicoos.de\/start\/wp-json\/wp\/v2\/pages\/5880","targetHints":{"allow":["GET"]}}],"collection":[{"href":"https:\/\/medicoos.de\/start\/wp-json\/wp\/v2\/pages"}],"about":[{"href":"https:\/\/medicoos.de\/start\/wp-json\/wp\/v2\/types\/page"}],"author":[{"embeddable":true,"href":"https:\/\/medicoos.de\/start\/wp-json\/wp\/v2\/users\/1"}],"replies":[{"embeddable":true,"href":"https:\/\/medicoos.de\/start\/wp-json\/wp\/v2\/comments?post=5880"}],"version-history":[{"count":11,"href":"https:\/\/medicoos.de\/start\/wp-json\/wp\/v2\/pages\/5880\/revisions"}],"predecessor-version":[{"id":6743,"href":"https:\/\/medicoos.de\/start\/wp-json\/wp\/v2\/pages\/5880\/revisions\/6743"}],"wp:attachment":[{"href":"https:\/\/medicoos.de\/start\/wp-json\/wp\/v2\/media?parent=5880"}],"curies":[{"name":"wp","href":"https:\/\/api.w.org\/{rel}","templated":true}]}}