{"id":5845,"date":"2019-10-18T14:29:03","date_gmt":"2019-10-18T14:29:03","guid":{"rendered":"https:\/\/medicoos.de\/?page_id=5845"},"modified":"2026-04-10T12:50:55","modified_gmt":"2026-04-10T12:50:55","slug":"vorstand","status":"publish","type":"page","link":"https:\/\/medicoos.de\/start\/vorstand\/","title":{"rendered":"Vorstand"},"content":{"rendered":"<section class=\"l-section wpb_row height_medium\"><div class=\"l-section-h i-cf\"><div class=\"g-cols vc_row via_flex valign_top type_default stacking_default\"><div class=\"vc_col-sm-4 wpb_column vc_column_container\"><div class=\"vc_column-inner\"><div class=\"wpb_wrapper\"><div class=\"w-image us_custom_9cf479d2 align_center\"><div class=\"w-image-h\"><img decoding=\"async\" width=\"150\" height=\"150\" src=\"https:\/\/medicoos.de\/wp-content\/uploads\/2016\/09\/Stahl-Reinhard_Vorstand_02-scaled-e1637053790127-150x150.jpg\" class=\"attachment-thumbnail size-thumbnail\" alt=\"\" loading=\"lazy\" srcset=\"https:\/\/medicoos.de\/wp-content\/uploads\/2016\/09\/Stahl-Reinhard_Vorstand_02-scaled-e1637053790127-150x150.jpg 150w, https:\/\/medicoos.de\/wp-content\/uploads\/2016\/09\/Stahl-Reinhard_Vorstand_02-scaled-e1637053790127-350x350.jpg 350w, https:\/\/medicoos.de\/wp-content\/uploads\/2016\/09\/Stahl-Reinhard_Vorstand_02-scaled-e1637053790127-600x600.jpg 600w\" sizes=\"auto, (max-width: 150px) 100vw, 150px\" \/><\/div><\/div><div class=\"wpb_text_column\"><div class=\"wpb_wrapper\"><p style=\"text-align: center;\"><span style=\"color: #1b98e0;\">Dr. med. Reinhard Stahl<br \/>\n<\/span>Facharzt f\u00fcr Allgemeinmedizin<\/p>\n<\/div><\/div><div class=\"w-separator size_small\"><\/div><\/div><\/div><\/div><div class=\"vc_col-sm-4 wpb_column vc_column_container\"><div class=\"vc_column-inner\"><div class=\"wpb_wrapper\"><div class=\"w-image us_custom_9cf479d2 align_center\"><div class=\"w-image-h\"><img decoding=\"async\" width=\"150\" height=\"150\" src=\"https:\/\/medicoos.de\/wp-content\/uploads\/2020\/11\/Niehaus-Ruth_Vorstand_01-scaled-e1637054178621-150x150.jpg\" class=\"attachment-thumbnail size-thumbnail\" alt=\"\" loading=\"lazy\" srcset=\"https:\/\/medicoos.de\/wp-content\/uploads\/2020\/11\/Niehaus-Ruth_Vorstand_01-scaled-e1637054178621-150x150.jpg 150w, https:\/\/medicoos.de\/wp-content\/uploads\/2020\/11\/Niehaus-Ruth_Vorstand_01-scaled-e1637054178621-350x350.jpg 350w, https:\/\/medicoos.de\/wp-content\/uploads\/2020\/11\/Niehaus-Ruth_Vorstand_01-scaled-e1637054178621-600x600.jpg 600w\" sizes=\"auto, (max-width: 150px) 100vw, 150px\" \/><\/div><\/div><div class=\"wpb_text_column\"><div class=\"wpb_wrapper\"><p style=\"text-align: center;\"><span style=\"color: #1b98e0;\">Dr. med. Ruth Niehaus<br \/>\n<\/span>Fach\u00e4rztin f\u00fcr Innere Medizin<\/p>\n<\/div><\/div><div class=\"w-separator size_small\"><\/div><\/div><\/div><\/div><div class=\"vc_col-sm-4 wpb_column vc_column_container\"><div class=\"vc_column-inner\"><div class=\"wpb_wrapper\"><div class=\"w-image us_custom_9cf479d2 align_center\"><div class=\"w-image-h\"><img decoding=\"async\" width=\"150\" height=\"150\" src=\"https:\/\/medicoos.de\/wp-content\/uploads\/2016\/09\/Leiss-Volker_Vorstand_02-scaled-e1637054034444-150x150.jpg\" class=\"attachment-thumbnail size-thumbnail\" alt=\"\" loading=\"lazy\" srcset=\"https:\/\/medicoos.de\/wp-content\/uploads\/2016\/09\/Leiss-Volker_Vorstand_02-scaled-e1637054034444-150x150.jpg 150w, https:\/\/medicoos.de\/wp-content\/uploads\/2016\/09\/Leiss-Volker_Vorstand_02-scaled-e1637054034444-300x300.jpg 300w, https:\/\/medicoos.de\/wp-content\/uploads\/2016\/09\/Leiss-Volker_Vorstand_02-scaled-e1637054034444-1024x1024.jpg 1024w, https:\/\/medicoos.de\/wp-content\/uploads\/2016\/09\/Leiss-Volker_Vorstand_02-scaled-e1637054034444-160x160.jpg 160w, https:\/\/medicoos.de\/wp-content\/uploads\/2016\/09\/Leiss-Volker_Vorstand_02-scaled-e1637054034444-350x350.jpg 350w, https:\/\/medicoos.de\/wp-content\/uploads\/2016\/09\/Leiss-Volker_Vorstand_02-scaled-e1637054034444-600x600.jpg 600w, https:\/\/medicoos.de\/wp-content\/uploads\/2016\/09\/Leiss-Volker_Vorstand_02-scaled-e1637054034444-768x768.jpg 768w, https:\/\/medicoos.de\/wp-content\/uploads\/2016\/09\/Leiss-Volker_Vorstand_02-scaled-e1637054034444.jpg 1708w\" sizes=\"auto, (max-width: 150px) 100vw, 150px\" \/><\/div><\/div><div class=\"wpb_text_column\"><div class=\"wpb_wrapper\"><p style=\"text-align: center;\"><span style=\"color: #1b98e0;\">Dr. med. Volker Lei\u00df<br \/>\n<\/span>Facharzt f\u00fcr Allgemeinmedizin<\/p>\n<\/div><\/div><\/div><\/div><\/div><\/div><\/div><\/section><section class=\"l-section wpb_row height_medium\"><div class=\"l-section-h i-cf\"><div class=\"g-cols vc_row via_flex valign_top type_default stacking_default\"><div class=\"vc_col-sm-12 wpb_column vc_column_container\"><div class=\"vc_column-inner\"><div class=\"wpb_wrapper\"><div class=\"wpb_text_column\"><div class=\"wpb_wrapper\"><p>Der Vorstand vertritt als gesch\u00e4ftsf\u00fchrendes Organ unser Praxisnetz.\u00a0Zu den Aufgaben geh\u00f6ren die Durchf\u00fchrung und Koordination von Projekten, die \u00d6ffentlichkeitsarbeit sowie die Kontakte zu den Entscheidungs- und weiteren Leistungstr\u00e4gern im Gesundheitswesen. Die Vorstandsmitglieder stehen den Netzmitgliedern und der Bev\u00f6lkerung jederzeit f\u00fcr Informationen, Fragen und Anregungen zum Praxisnetz zur Verf\u00fcgung.<\/p>\n<\/div><\/div><\/div><\/div><\/div><\/div><\/div><\/section><section class=\"l-section wpb_row height_medium\"><div class=\"l-section-h i-cf\"><div class=\"g-cols vc_row via_flex valign_top type_default stacking_default\"><div class=\"vc_col-sm-12 wpb_column vc_column_container\"><div class=\"vc_column-inner\"><div class=\"wpb_wrapper\"><\/div><\/div><\/div><\/div><\/div><\/section>\n","protected":false},"excerpt":{"rendered":"Dr. med. Reinhard Stahl Facharzt f\u00fcr Allgemeinmedizin Dr. med. Ruth Niehaus Fach\u00e4rztin f\u00fcr Innere Medizin Dr. med. Volker Lei\u00df Facharzt f\u00fcr Allgemeinmedizin Der Vorstand vertritt als gesch\u00e4ftsf\u00fchrendes Organ unser Praxisnetz.\u00a0Zu den Aufgaben geh\u00f6ren die Durchf\u00fchrung und Koordination von Projekten, die \u00d6ffentlichkeitsarbeit sowie die Kontakte zu den Entscheidungs- und weiteren Leistungstr\u00e4gern im Gesundheitswesen. Die Vorstandsmitglieder stehen...","protected":false},"author":1,"featured_media":0,"parent":0,"menu_order":0,"comment_status":"closed","ping_status":"closed","template":"","meta":{"footnotes":""},"class_list":["post-5845","page","type-page","status-publish","hentry"],"_links":{"self":[{"href":"https:\/\/medicoos.de\/start\/wp-json\/wp\/v2\/pages\/5845","targetHints":{"allow":["GET"]}}],"collection":[{"href":"https:\/\/medicoos.de\/start\/wp-json\/wp\/v2\/pages"}],"about":[{"href":"https:\/\/medicoos.de\/start\/wp-json\/wp\/v2\/types\/page"}],"author":[{"embeddable":true,"href":"https:\/\/medicoos.de\/start\/wp-json\/wp\/v2\/users\/1"}],"replies":[{"embeddable":true,"href":"https:\/\/medicoos.de\/start\/wp-json\/wp\/v2\/comments?post=5845"}],"version-history":[{"count":24,"href":"https:\/\/medicoos.de\/start\/wp-json\/wp\/v2\/pages\/5845\/revisions"}],"predecessor-version":[{"id":7156,"href":"https:\/\/medicoos.de\/start\/wp-json\/wp\/v2\/pages\/5845\/revisions\/7156"}],"wp:attachment":[{"href":"https:\/\/medicoos.de\/start\/wp-json\/wp\/v2\/media?parent=5845"}],"curies":[{"name":"wp","href":"https:\/\/api.w.org\/{rel}","templated":true}]}}